{"id":1372,"date":"2019-05-25T05:52:43","date_gmt":"2019-05-25T05:52:43","guid":{"rendered":"http:\/\/192.168.0.110\/sports\/?page_id=1372"},"modified":"2020-10-19T12:23:43","modified_gmt":"2020-10-19T10:23:43","slug":"actualites","status":"publish","type":"page","link":"https:\/\/www.valdeuropefc.com\/?page_id=1372","title":{"rendered":"Actualit\u00e9s"},"content":{"rendered":"<p>[vc_row css=&#8221;.vc_custom_1558762807481{padding-top: 100px !important;padding-bottom: 110px !important;}&#8221;][vc_column]<div class=\"rs-blog-grid rs-blog \">\n\t\t\t\t\t<div class=\"row\"><div class=\"blog-item col-lg-4 col-md-12 style2 \">\n\t\t\t\t\t\t\t\t\t<div class=\"blog-img image-scale\">\n\t\t\t\t\t\t\t\t\t\t<div class=\"image-wrap\"><a href=\"https:\/\/www.valdeuropefc.com\/?post_type=post&p=3073\"> <img loading=\"lazy\" decoding=\"async\" width=\"940\" height=\"788\" src=\"https:\/\/www.valdeuropefc.com\/wp-content\/uploads\/2025\/09\/STAGE-VEFC-TOUSSAINT-2023.png\" class=\"attachment-post-thumbnail size-post-thumbnail wp-post-image\" alt=\"\" srcset=\"https:\/\/www.valdeuropefc.com\/wp-content\/uploads\/2025\/09\/STAGE-VEFC-TOUSSAINT-2023.png 940w, https:\/\/www.valdeuropefc.com\/wp-content\/uploads\/2025\/09\/STAGE-VEFC-TOUSSAINT-2023-300x251.png 300w, https:\/\/www.valdeuropefc.com\/wp-content\/uploads\/2025\/09\/STAGE-VEFC-TOUSSAINT-2023-768x644.png 768w\" sizes=\"auto, (max-width: 940px) 100vw, 940px\" \/> <\/a><\/div>\n\t\t\t\t\t\t\t\t\t\t<div class=\"all-meta\">\n\t\t\t\t\t\t\t\t\t\t\t<div class=\"meta meta-date\">\n\t\t\t\t\t\t\t\t\t\t<span class=\"month-day\">24<\/span>\n                                        <span class=\"month-name\">Sep<\/span>\n\t\t\t\t\t\t\t\t<\/div>\n\t\t\t\t\t\t\t\t\t \t\t<div class=\"meta author\"><i class=\"glyph-icon flaticon-user-1\"><\/i> <span class=\"author\"> admin<\/span><\/div>\n\t\t\t\t\t\t\t\t \t\t<\/div>\n\t\t\t\t\t\t\t\t \t<\/div>\n\t\t\t\t\t\t\t\t<div class=\"bottom-shadow1 blog-meta \">\n\t\t\t\t\t\t\t\t\t\t<h3 class=\"blog-title\"><a href=\"https:\/\/www.valdeuropefc.com\/?post_type=post&p=3073\"> Stage futsal : inscriptions ouvertes ! <\/a><\/h3>\n\t\t\t\t\t\t\t\t\t\t<div class=\"blog-desc\">\n\t\t\t\t\t\t\t\tLe VEFC est heureux d\u2019annoncer l\u2019ouverture des inscriptions pour son stage de foot en salle pendant les vacances de f\u00e9vrier !...\n\t\t\t\t\t\t\t<\/div>\n\t\t\t\t\t\t\t\t\t\t<div class=\"blog-button\"><a href=\"https:\/\/www.valdeuropefc.com\/?post_type=post&#038;p=3073\">Continue Reading<\/a><\/div>\n\t\t\t\t\t\t\t\t<\/div>\n\t\t\t\t\t\t\t<\/div><div class=\"blog-item col-lg-4 col-md-12 style2 \">\n\t\t\t\t\t\t\t\t\t<div class=\"blog-img image-scale\">\n\t\t\t\t\t\t\t\t\t\t<div class=\"image-wrap\"><a href=\"https:\/\/www.valdeuropefc.com\/?post_type=post&p=3060\"> <img loading=\"lazy\" decoding=\"async\" width=\"1958\" height=\"1958\" src=\"https:\/\/www.valdeuropefc.com\/wp-content\/uploads\/2025\/08\/ANNONCE-ALBUM-DU-CLUB.png\" class=\"attachment-post-thumbnail size-post-thumbnail wp-post-image\" alt=\"\" srcset=\"https:\/\/www.valdeuropefc.com\/wp-content\/uploads\/2025\/08\/ANNONCE-ALBUM-DU-CLUB.png 1958w, https:\/\/www.valdeuropefc.com\/wp-content\/uploads\/2025\/08\/ANNONCE-ALBUM-DU-CLUB-300x300.png 300w, https:\/\/www.valdeuropefc.com\/wp-content\/uploads\/2025\/08\/ANNONCE-ALBUM-DU-CLUB-1024x1024.png 1024w, https:\/\/www.valdeuropefc.com\/wp-content\/uploads\/2025\/08\/ANNONCE-ALBUM-DU-CLUB-150x150.png 150w, https:\/\/www.valdeuropefc.com\/wp-content\/uploads\/2025\/08\/ANNONCE-ALBUM-DU-CLUB-768x768.png 768w, https:\/\/www.valdeuropefc.com\/wp-content\/uploads\/2025\/08\/ANNONCE-ALBUM-DU-CLUB-1536x1536.png 1536w\" sizes=\"auto, (max-width: 1958px) 100vw, 1958px\" \/> <\/a><\/div>\n\t\t\t\t\t\t\t\t\t\t<div class=\"all-meta\">\n\t\t\t\t\t\t\t\t\t\t\t<div class=\"meta meta-date\">\n\t\t\t\t\t\t\t\t\t\t<span class=\"month-day\">22<\/span>\n                                        <span class=\"month-name\">Ao\u00fbt<\/span>\n\t\t\t\t\t\t\t\t<\/div>\n\t\t\t\t\t\t\t\t\t \t\t<div class=\"meta author\"><i class=\"glyph-icon flaticon-user-1\"><\/i> <span class=\"author\"> admin<\/span><\/div>\n\t\t\t\t\t\t\t\t \t\t<\/div>\n\t\t\t\t\t\t\t\t \t<\/div>\n\t\t\t\t\t\t\t\t<div class=\"bottom-shadow1 blog-meta \">\n\t\t\t\t\t\t\t\t\t\t<h3 class=\"blog-title\"><a href=\"https:\/\/www.valdeuropefc.com\/?post_type=post&p=3060\"> [SPONSORS] Participez \u00e0 l&#8217;album du club ! <\/a><\/h3>\n\t\t\t\t\t\t\t\t\t\t<div class=\"blog-desc\">\n\t\t\t\t\t\t\t\t\ud83d\udce2 Il revient cette saison au VEFC ! \u26bd\ud83d\udd25 Le Val d\u2019Europe FC pr\u00e9pare le retour de son album de vignettes...\n\t\t\t\t\t\t\t<\/div>\n\t\t\t\t\t\t\t\t\t\t<div class=\"blog-button\"><a href=\"https:\/\/www.valdeuropefc.com\/?post_type=post&#038;p=3060\">Continue Reading<\/a><\/div>\n\t\t\t\t\t\t\t\t<\/div>\n\t\t\t\t\t\t\t<\/div><div class=\"blog-item col-lg-4 col-md-12 style2 \">\n\t\t\t\t\t\t\t\t\t<div class=\"blog-img image-scale\">\n\t\t\t\t\t\t\t\t\t\t<div class=\"image-wrap\"><a href=\"https:\/\/www.valdeuropefc.com\/?post_type=post&p=3045\"> <img loading=\"lazy\" decoding=\"async\" width=\"940\" height=\"644\" src=\"https:\/\/www.valdeuropefc.com\/wp-content\/uploads\/2025\/08\/SPORT-SANTE-LANCEMENT-e1754572886682.png\" class=\"attachment-post-thumbnail size-post-thumbnail wp-post-image\" alt=\"\" srcset=\"https:\/\/www.valdeuropefc.com\/wp-content\/uploads\/2025\/08\/SPORT-SANTE-LANCEMENT-e1754572886682.png 940w, https:\/\/www.valdeuropefc.com\/wp-content\/uploads\/2025\/08\/SPORT-SANTE-LANCEMENT-e1754572886682-300x206.png 300w, https:\/\/www.valdeuropefc.com\/wp-content\/uploads\/2025\/08\/SPORT-SANTE-LANCEMENT-e1754572886682-768x526.png 768w\" sizes=\"auto, (max-width: 940px) 100vw, 940px\" \/> <\/a><\/div>\n\t\t\t\t\t\t\t\t\t\t<div class=\"all-meta\">\n\t\t\t\t\t\t\t\t\t\t\t<div class=\"meta meta-date\">\n\t\t\t\t\t\t\t\t\t\t<span class=\"month-day\">10<\/span>\n                                        <span class=\"month-name\">Ao\u00fbt<\/span>\n\t\t\t\t\t\t\t\t<\/div>\n\t\t\t\t\t\t\t\t\t \t\t<div class=\"meta author\"><i class=\"glyph-icon flaticon-user-1\"><\/i> <span class=\"author\"> admin<\/span><\/div>\n\t\t\t\t\t\t\t\t \t\t<\/div>\n\t\t\t\t\t\t\t\t \t<\/div>\n\t\t\t\t\t\t\t\t<div class=\"bottom-shadow1 blog-meta \">\n\t\t\t\t\t\t\t\t\t\t<h3 class=\"blog-title\"><a href=\"https:\/\/www.valdeuropefc.com\/?post_type=post&p=3045\"> Ouverture section sport-sant\u00e9 ! <\/a><\/h3>\n\t\t\t\t\t\t\t\t\t\t<div class=\"blog-desc\">\n\t\t\t\t\t\t\t\tMesdames, envie de reprendre le sport, de d\u00e9couvrir le football ou de vous y remettre en douceur ? Mamans ou mamies...\n\t\t\t\t\t\t\t<\/div>\n\t\t\t\t\t\t\t\t\t\t<div class=\"blog-button\"><a href=\"https:\/\/www.valdeuropefc.com\/?post_type=post&#038;p=3045\">Continue Reading<\/a><\/div>\n\t\t\t\t\t\t\t\t<\/div>\n\t\t\t\t\t\t\t<\/div><div class=\"blog-item col-lg-4 col-md-12 style2 \">\n\t\t\t\t\t\t\t\t\t<div class=\"blog-img image-scale\">\n\t\t\t\t\t\t\t\t\t\t<div class=\"image-wrap\"><a href=\"https:\/\/www.valdeuropefc.com\/?post_type=post&p=2773\"> <img loading=\"lazy\" decoding=\"async\" width=\"1200\" height=\"900\" src=\"https:\/\/www.valdeuropefc.com\/wp-content\/uploads\/2023\/05\/VEFC-NEWS-AG-2023.png\" class=\"attachment-post-thumbnail size-post-thumbnail wp-post-image\" alt=\"\" srcset=\"https:\/\/www.valdeuropefc.com\/wp-content\/uploads\/2023\/05\/VEFC-NEWS-AG-2023.png 1200w, https:\/\/www.valdeuropefc.com\/wp-content\/uploads\/2023\/05\/VEFC-NEWS-AG-2023-300x225.png 300w, https:\/\/www.valdeuropefc.com\/wp-content\/uploads\/2023\/05\/VEFC-NEWS-AG-2023-1024x768.png 1024w, https:\/\/www.valdeuropefc.com\/wp-content\/uploads\/2023\/05\/VEFC-NEWS-AG-2023-768x576.png 768w, https:\/\/www.valdeuropefc.com\/wp-content\/uploads\/2023\/05\/VEFC-NEWS-AG-2023-80x60.png 80w\" sizes=\"auto, (max-width: 1200px) 100vw, 1200px\" \/> <\/a><\/div>\n\t\t\t\t\t\t\t\t\t\t<div class=\"all-meta\">\n\t\t\t\t\t\t\t\t\t\t\t<div class=\"meta meta-date\">\n\t\t\t\t\t\t\t\t\t\t<span class=\"month-day\">01<\/span>\n                                        <span class=\"month-name\">Mai<\/span>\n\t\t\t\t\t\t\t\t<\/div>\n\t\t\t\t\t\t\t\t\t \t\t<div class=\"meta author\"><i class=\"glyph-icon flaticon-user-1\"><\/i> <span class=\"author\"> admin<\/span><\/div>\n\t\t\t\t\t\t\t\t \t\t<\/div>\n\t\t\t\t\t\t\t\t \t<\/div>\n\t\t\t\t\t\t\t\t<div class=\"bottom-shadow1 blog-meta \">\n\t\t\t\t\t\t\t\t\t\t<h3 class=\"blog-title\"><a href=\"https:\/\/www.valdeuropefc.com\/?post_type=post&p=2773\"> Assembl\u00e9e g\u00e9n\u00e9rale <\/a><\/h3>\n\t\t\t\t\t\t\t\t\t\t<div class=\"blog-desc\">\n\t\t\t\t\t\t\t\tNous avons le plaisir de convier nos licenci\u00e9s \u00e0 notre Assembl\u00e9e G\u00e9n\u00e9rale ordinaire. Mardi 10 juin 2025 20h00 &#8211; 22h30 Salle...\n\t\t\t\t\t\t\t<\/div>\n\t\t\t\t\t\t\t\t\t\t<div class=\"blog-button\"><a href=\"https:\/\/www.valdeuropefc.com\/?post_type=post&#038;p=2773\">Continue Reading<\/a><\/div>\n\t\t\t\t\t\t\t\t<\/div>\n\t\t\t\t\t\t\t<\/div><div class=\"blog-item col-lg-4 col-md-12 style2 \">\n\t\t\t\t\t\t\t\t\t<div class=\"blog-img image-scale\">\n\t\t\t\t\t\t\t\t\t\t<div class=\"image-wrap\"><a href=\"https:\/\/www.valdeuropefc.com\/?post_type=post&p=2779\"> <img loading=\"lazy\" decoding=\"async\" width=\"940\" height=\"788\" src=\"https:\/\/www.valdeuropefc.com\/wp-content\/uploads\/2024\/05\/INSCRIPTIONS-1.png\" class=\"attachment-post-thumbnail size-post-thumbnail wp-post-image\" alt=\"\" srcset=\"https:\/\/www.valdeuropefc.com\/wp-content\/uploads\/2024\/05\/INSCRIPTIONS-1.png 940w, https:\/\/www.valdeuropefc.com\/wp-content\/uploads\/2024\/05\/INSCRIPTIONS-1-300x251.png 300w, https:\/\/www.valdeuropefc.com\/wp-content\/uploads\/2024\/05\/INSCRIPTIONS-1-768x644.png 768w\" sizes=\"auto, (max-width: 940px) 100vw, 940px\" \/> <\/a><\/div>\n\t\t\t\t\t\t\t\t\t\t<div class=\"all-meta\">\n\t\t\t\t\t\t\t\t\t\t\t<div class=\"meta meta-date\">\n\t\t\t\t\t\t\t\t\t\t<span class=\"month-day\">25<\/span>\n                                        <span class=\"month-name\">Mai<\/span>\n\t\t\t\t\t\t\t\t<\/div>\n\t\t\t\t\t\t\t\t\t \t\t<div class=\"meta author\"><i class=\"glyph-icon flaticon-user-1\"><\/i> <span class=\"author\"> admin<\/span><\/div>\n\t\t\t\t\t\t\t\t \t\t<\/div>\n\t\t\t\t\t\t\t\t \t<\/div>\n\t\t\t\t\t\t\t\t<div class=\"bottom-shadow1 blog-meta \">\n\t\t\t\t\t\t\t\t\t\t<h3 class=\"blog-title\"><a href=\"https:\/\/www.valdeuropefc.com\/?post_type=post&p=2779\"> Inscriptions &#8211; saison 2025\/2026 <\/a><\/h3>\n\t\t\t\t\t\t\t\t\t\t<div class=\"blog-desc\">\n\t\t\t\t\t\t\t\tSAISON 2025\/2026 : COUP D\u2019ENVOI POUR LES INSCRIPTIONS ! Voici les tarifs, le calendrier, le pack et la marche \u00e0 suivre...\n\t\t\t\t\t\t\t<\/div>\n\t\t\t\t\t\t\t\t\t\t<div class=\"blog-button\"><a href=\"https:\/\/www.valdeuropefc.com\/?post_type=post&#038;p=2779\">Continue Reading<\/a><\/div>\n\t\t\t\t\t\t\t\t<\/div>\n\t\t\t\t\t\t\t<\/div><\/div><\/div>[\/vc_column][\/vc_row]<\/p>\n","protected":false},"excerpt":{"rendered":"<p>[vc_row css=&#8221;.vc_custom_1558762807481{padding-top: 100px !important;padding-bottom: 110px !important;}&#8221;][vc_column][\/vc_column]&#8230;<\/p>\n","protected":false},"author":1,"featured_media":0,"parent":0,"menu_order":0,"comment_status":"closed","ping_status":"closed","template":"","meta":{"footnotes":""},"class_list":["post-1372","page","type-page","status-publish","hentry"],"_links":{"self":[{"href":"https:\/\/www.valdeuropefc.com\/index.php?rest_route=\/wp\/v2\/pages\/1372","targetHints":{"allow":["GET"]}}],"collection":[{"href":"https:\/\/www.valdeuropefc.com\/index.php?rest_route=\/wp\/v2\/pages"}],"about":[{"href":"https:\/\/www.valdeuropefc.com\/index.php?rest_route=\/wp\/v2\/types\/page"}],"author":[{"embeddable":true,"href":"https:\/\/www.valdeuropefc.com\/index.php?rest_route=\/wp\/v2\/users\/1"}],"replies":[{"embeddable":true,"href":"https:\/\/www.valdeuropefc.com\/index.php?rest_route=%2Fwp%2Fv2%2Fcomments&post=1372"}],"version-history":[{"count":1,"href":"https:\/\/www.valdeuropefc.com\/index.php?rest_route=\/wp\/v2\/pages\/1372\/revisions"}],"predecessor-version":[{"id":2068,"href":"https:\/\/www.valdeuropefc.com\/index.php?rest_route=\/wp\/v2\/pages\/1372\/revisions\/2068"}],"wp:attachment":[{"href":"https:\/\/www.valdeuropefc.com\/index.php?rest_route=%2Fwp%2Fv2%2Fmedia&parent=1372"}],"curies":[{"name":"wp","href":"https:\/\/api.w.org\/{rel}","templated":true}]}}