{"id":1844,"date":"2019-06-22T07:34:22","date_gmt":"2019-06-22T07:34:22","guid":{"rendered":"https:\/\/rstheme.com\/products\/wordpress\/khelo\/?page_id=1844"},"modified":"2025-08-10T16:37:21","modified_gmt":"2025-08-10T14:37:21","slug":"sponsors","status":"publish","type":"page","link":"https:\/\/www.valdeuropefc.com\/?page_id=1844","title":{"rendered":"Sponsors et partenaires"},"content":{"rendered":"<p>[vc_row el_class=&#8221;sponsors-border&#8221; css=&#8221;.vc_custom_1561189773260{padding-bottom: 65px !important;}&#8221;][vc_column]\n        <div class=\"rs-heading style2   text-center\">\n        \t<div class=\"title-inner \">\n        \t\t       \t\t\n\t            \n\t            <h2 class=\"title title-upper\">Sponsors principaux<\/h2> <span class=\"lines-bg\"><\/span>\n\t            <div class=\"title-img bottom-img\"><\/div>\n\t        <\/div><\/div>[vc_row_inner content_placement=&#8221;middle&#8221;][vc_column_inner width=&#8221;1\/3&#8243;][vc_single_image image=&#8221;2927&#8243; img_size=&#8221;full&#8221; alignment=&#8221;center&#8221; onclick=&#8221;custom_link&#8221; img_link_target=&#8221;_blank&#8221; link=&#8221;https:\/\/www.moulindechessy.fr&#8221;][vc_single_image image=&#8221;2735&#8243; img_size=&#8221;300&#215;250&#8243; alignment=&#8221;center&#8221;][\/vc_column_inner][vc_column_inner width=&#8221;1\/3&#8243;][vc_single_image image=&#8221;2070&#8243; img_size=&#8221;250&#215;250&#8243; alignment=&#8221;center&#8221; onclick=&#8221;custom_link&#8221; img_link_target=&#8221;_blank&#8221; link=&#8221;https:\/\/www.agenor.fr\/&#8221;][vc_single_image image=&#8221;2928&#8243; img_size=&#8221;250&#215;250&#8243; alignment=&#8221;center&#8221; onclick=&#8221;custom_link&#8221; img_link_target=&#8221;_blank&#8221; link=&#8221;https:\/\/www.transakauto.com&#8221;][vc_single_image image=&#8221;2931&#8243; img_size=&#8221;256&#215;65&#8243; alignment=&#8221;center&#8221; onclick=&#8221;custom_link&#8221; img_link_target=&#8221;_blank&#8221; link=&#8221;https:\/\/www.allianz.fr\/&#8221;][vc_single_image image=&#8221;2948&#8243; img_size=&#8221;300&#215;300&#8243; alignment=&#8221;center&#8221; onclick=&#8221;custom_link&#8221; img_link_target=&#8221;_blank&#8221; link=&#8221;https:\/\/www.finances-moi.com&#8221;][\/vc_column_inner][vc_column_inner width=&#8221;1\/3&#8243;][vc_single_image image=&#8221;2683&#8243; img_size=&#8221;full&#8221; alignment=&#8221;center&#8221; onclick=&#8221;custom_link&#8221; img_link_target=&#8221;_blank&#8221;][vc_single_image image=&#8221;3057&#8243; img_size=&#8221;470&#215;144&#8243; alignment=&#8221;center&#8221; onclick=&#8221;custom_link&#8221; img_link_target=&#8221;_blank&#8221; link=&#8221;https:\/\/www.legendicon.com\/&#8221;][vc_single_image image=&#8221;2945&#8243; img_size=&#8221;308&#215;163&#8243; alignment=&#8221;center&#8221; onclick=&#8221;custom_link&#8221; img_link_target=&#8221;_blank&#8221; link=&#8221;https:\/\/www.justpermis.com\/&#8221;][\/vc_column_inner][\/vc_row_inner][\/vc_column][\/vc_row][vc_section][\/vc_section][vc_row][vc_column]\n        <div class=\"rs-heading style2   text-center\">\n        \t<div class=\"title-inner \">\n        \t\t       \t\t\n\t            \n\t            <h2 class=\"title title-upper\">Consultation d'ost\u00e9opathie<\/h2> <span class=\"lines-bg\"><\/span>\n\t            <div class=\"title-img bottom-img\"><\/div>\n\t        <\/div><\/div>[vc_row_inner][vc_column_inner width=&#8221;1\/2&#8243;][vc_column_text]<\/p>\n<div id=\"qx-row-40114\" class=\"qx-row \">\n<div id=\"qx-column-41118\" class=\"qx-column qx-col-lg-6 qx-col-md-6 qx-col-sm-6 qx-col-xs-12\">\n<div id=\"qx-node-1211\" class=\"qx-element qx-element-text qx-text-left wow fadeIn\">\n<blockquote>\n<p><img loading=\"lazy\" decoding=\"async\" class=\" wp-image-2164 alignleft\" src=\"https:\/\/www.valdeuropefc.com\/wp-content\/uploads\/2020\/10\/CHARLENE-COLLET-220x300.png\" alt=\"\" width=\"155\" height=\"211\" srcset=\"https:\/\/www.valdeuropefc.com\/wp-content\/uploads\/2020\/10\/CHARLENE-COLLET-220x300.png 220w, https:\/\/www.valdeuropefc.com\/wp-content\/uploads\/2020\/10\/CHARLENE-COLLET-600x817.png 600w, https:\/\/www.valdeuropefc.com\/wp-content\/uploads\/2020\/10\/CHARLENE-COLLET.png 604w\" sizes=\"auto, (max-width: 155px) 100vw, 155px\" \/>Je m\u2019appelle Charl\u00e8ne Collet et je suis ost\u00e9opathe \u00e0 Bailly-Romainvilliers. J\u2019ai cr\u00e9\u00e9 un partenariat pour tous les licenci\u00e9s du club car tout le monde devrait pouvoir en profiter.<\/p>\n<\/blockquote>\n<\/div>\n<\/div>\n<\/div>\n<p>[\/vc_column_text][\/vc_column_inner][vc_column_inner width=&#8221;1\/2&#8243;][vc_column_text]\u2023Douleurs (musculaires, articulaires, nerveuses, vasculaires, ligamentaires\u2026)<br \/>\n\u2023R\u00e9cup\u00e9ration\u00a0sportive<br \/>\n\u2023Augmentation des performances sportives<br \/>\n\u2023Suivi des\u00a0blessures et meilleure r\u00e9cup\u00e9ration<br \/>\n\u2023Bilan afin d\u2019\u00e9viter les traumatismes et blessures<br \/>\n\u2023Migraine \/ maux de t\u00eate \/ vertige<br \/>\n\u2023Troubles\u00a0intestinaux<br \/>\n\u2023Chute, accident r\u00e9cents<br \/>\n\u2023Plus g\u00e9n\u00e9ralement : femme enceinte, nourrisson, suivi de maladie, infections\u2026<\/p>\n<p><strong>T\u00e9l\u00e9phone<\/strong> : 06.01.96.77.70<\/p>\n<div id=\"qx-row-40114\" class=\"qx-row \">\n<div id=\"qx-column-41118\" class=\"qx-column qx-col-lg-6 qx-col-md-6 qx-col-sm-6 qx-col-xs-12\">\n<div id=\"qx-node-1211\" class=\"qx-element qx-element-text qx-text-left wow fadeIn\">\n<p><strong>Tarifs : <\/strong>licenci\u00e9s du club : 45\u20ac &#8211; famille de licenci\u00e9 : 50\u20ac<\/p>\n<\/div>\n<\/div>\n<\/div>\n<div id=\"qx-row-37835\" class=\"qx-row \">\n<div id=\"qx-column-24839\" class=\"qx-column qx-col-lg-4 qx-col-md-4 qx-col-sm-6 qx-col-xs-12\">\n<div id=\"qx-text-43641\" class=\"qx-element qx-element-text qx-text-left wow fadeIn\">\n<p><em>Facture \u00e0 envoyer \u00e0 votre mutuelle pour un\u00a0possible remboursement<\/em><\/p>\n<\/div>\n<\/div>\n<\/div>\n<p>[\/vc_column_text][vc_btn title=&#8221;Prendre rdv en ligne&#8221; color=&#8221;primary&#8221; link=&#8221;url:https%3A%2F%2Fwww.doctolib.fr%2Fosteopathe%2Fbailly-romainvilliers%2Fcharlene-collet|title:Prendre%20rdv%20avec%20Charl%C3%A8ne%20Collet|target:%20_blank|&#8221;][\/vc_column_inner][\/vc_row_inner][\/vc_column][\/vc_row]<\/p>\n","protected":false},"excerpt":{"rendered":"<p>[vc_row el_class=&#8221;sponsors-border&#8221; css=&#8221;.vc_custom_1561189773260{padding-bottom: 65px !important;}&#8221;][vc_column][vc_row_inner content_placement=&#8221;middle&#8221;][vc_column_inner width=&#8221;1\/3&#8243;][vc_single_image image=&#8221;2927&#8243; img_size=&#8221;full&#8221; alignment=&#8221;center&#8221; onclick=&#8221;custom_link&#8221; img_link_target=&#8221;_blank&#8221; link=&#8221;https:\/\/www.moulindechessy.fr&#8221;][vc_single_image image=&#8221;2735&#8243; img_size=&#8221;300&#215;250&#8243; alignment=&#8221;center&#8221;][\/vc_column_inner][vc_column_inner width=&#8221;1\/3&#8243;][vc_single_image image=&#8221;2070&#8243; img_size=&#8221;250&#215;250&#8243; alignment=&#8221;center&#8221; onclick=&#8221;custom_link&#8221; img_link_target=&#8221;_blank&#8221; link=&#8221;https:\/\/www.agenor.fr\/&#8221;][vc_single_image image=&#8221;2928&#8243; img_size=&#8221;250&#215;250&#8243; alignment=&#8221;center&#8221; onclick=&#8221;custom_link&#8221; img_link_target=&#8221;_blank&#8221; link=&#8221;https:\/\/www.transakauto.com&#8221;][vc_single_image image=&#8221;2931&#8243; img_size=&#8221;256&#215;65&#8243; alignment=&#8221;center&#8221; onclick=&#8221;custom_link&#8221; img_link_target=&#8221;_blank&#8221; link=&#8221;https:\/\/www.allianz.fr\/&#8221;][vc_single_image image=&#8221;2948&#8243; img_size=&#8221;300&#215;300&#8243; alignment=&#8221;center&#8221; onclick=&#8221;custom_link&#8221; img_link_target=&#8221;_blank&#8221; link=&#8221;https:\/\/www.finances-moi.com&#8221;][\/vc_column_inner][vc_column_inner width=&#8221;1\/3&#8243;][vc_single_image image=&#8221;2683&#8243; img_size=&#8221;full&#8221; alignment=&#8221;center&#8221; onclick=&#8221;custom_link&#8221; img_link_target=&#8221;_blank&#8221;][vc_single_image image=&#8221;3057&#8243; img_size=&#8221;470&#215;144&#8243; alignment=&#8221;center&#8221; onclick=&#8221;custom_link&#8221; img_link_target=&#8221;_blank&#8221; link=&#8221;https:\/\/www.legendicon.com\/&#8221;][vc_single_image image=&#8221;2945&#8243; img_size=&#8221;308&#215;163&#8243;&#8230;<\/p>\n","protected":false},"author":1,"featured_media":0,"parent":0,"menu_order":0,"comment_status":"closed","ping_status":"closed","template":"","meta":{"footnotes":""},"class_list":["post-1844","page","type-page","status-publish","hentry"],"_links":{"self":[{"href":"https:\/\/www.valdeuropefc.com\/index.php?rest_route=\/wp\/v2\/pages\/1844","targetHints":{"allow":["GET"]}}],"collection":[{"href":"https:\/\/www.valdeuropefc.com\/index.php?rest_route=\/wp\/v2\/pages"}],"about":[{"href":"https:\/\/www.valdeuropefc.com\/index.php?rest_route=\/wp\/v2\/types\/page"}],"author":[{"embeddable":true,"href":"https:\/\/www.valdeuropefc.com\/index.php?rest_route=\/wp\/v2\/users\/1"}],"replies":[{"embeddable":true,"href":"https:\/\/www.valdeuropefc.com\/index.php?rest_route=%2Fwp%2Fv2%2Fcomments&post=1844"}],"version-history":[{"count":17,"href":"https:\/\/www.valdeuropefc.com\/index.php?rest_route=\/wp\/v2\/pages\/1844\/revisions"}],"predecessor-version":[{"id":3058,"href":"https:\/\/www.valdeuropefc.com\/index.php?rest_route=\/wp\/v2\/pages\/1844\/revisions\/3058"}],"wp:attachment":[{"href":"https:\/\/www.valdeuropefc.com\/index.php?rest_route=%2Fwp%2Fv2%2Fmedia&parent=1844"}],"curies":[{"name":"wp","href":"https:\/\/api.w.org\/{rel}","templated":true}]}}