{"id":2090,"date":"2020-10-21T12:48:47","date_gmt":"2020-10-21T10:48:47","guid":{"rendered":"http:\/\/vefc\/?page_id=2090"},"modified":"2025-08-07T15:04:04","modified_gmt":"2025-08-07T13:04:04","slug":"edf","status":"publish","type":"page","link":"https:\/\/www.valdeuropefc.com\/?page_id=2090","title":{"rendered":"Ecole de football (gar\u00e7ons)"},"content":{"rendered":"<p>[vc_row][vc_column]\n        <div class=\"rs-heading style2   text-center\">\n        \t<div class=\"title-inner \">\n        \t\t       \t\t\n\t            \n\t            <h2 class=\"title title-upper\">NOS COLLECTIFS<\/h2> <span class=\"lines-bg\"><\/span>\n\t            <div class=\"title-img bottom-img\"><\/div>\n\t        <\/div><\/div>[\/vc_column][\/vc_row][vc_row][vc_column width=&#8221;1\/2&#8243;][vc_empty_space]\n        <div class=\"rs-heading style5   text-center\">\n        \t<div class=\"title-inner \">\n        \t\t       \t\t\n\t            \n\t            <h6 class=\"title title-upper\"><span class=\"left\">[<\/span>CAT\u00c9GORIE BABY FOOT<span class=\"right\">]<\/span><\/h6> <span class=\"lines-bg\"><\/span>\n\t            <div class=\"title-img bottom-img\"><\/div>\n\t        <\/div><\/div>[vc_empty_space][vc_column_text]<\/p>\n<h4 class=\"staff-sub\" style=\"text-align: center;\"><strong>Responsable : Brice &#8211; 06.29.31.22.33<\/strong><\/h4>\n<p style=\"text-align: center;\"><span class=\"sub1\"><i>Enfants n\u00e9s en : <\/i>2021<br \/>\n<\/span><span class=\"sub2\"><i>Pratique : <\/i>\u00e9veil<br \/>\n<\/span><span class=\"sub3\"><i>Horaires : <\/i>Samedi 10h00-11h00 (Stade de l&#8217;Hermi\u00e8re)<\/span><\/p>\n<p>[\/vc_column_text][\/vc_column][vc_column width=&#8221;1\/2&#8243;][vc_empty_space]\n        <div class=\"rs-heading style5   text-center\">\n        \t<div class=\"title-inner \">\n        \t\t       \t\t\n\t            \n\t            <h6 class=\"title title-upper\"><span class=\"left\">[<\/span>CAT\u00c9GORIE U6\/U7<span class=\"right\">]<\/span><\/h6> <span class=\"lines-bg\"><\/span>\n\t            <div class=\"title-img bottom-img\"><\/div>\n\t        <\/div><\/div>[vc_empty_space][vc_column_text]<\/p>\n<h4 class=\"staff-sub\" style=\"text-align: center;\"><strong>Responsable : Laurent &#8211; 06.22.99.34.68<\/strong><\/h4>\n<p style=\"text-align: center;\"><span class=\"sub1\"><i>Enfants n\u00e9s en : <\/i>2019 et 2020<br \/>\n<\/span><span class=\"sub2\"><i>Pratique : <\/i>foot \u00e0 5<br \/>\n<\/span><span class=\"sub3\"><i>Horaires : <\/i>Mercredi 13h45-15h15 (Stade Lilandry)<\/span><\/p>\n<p>[\/vc_column_text][\/vc_column][\/vc_row][vc_row][vc_column width=&#8221;1\/2&#8243;][vc_empty_space]\n        <div class=\"rs-heading style5   text-center\">\n        \t<div class=\"title-inner \">\n        \t\t       \t\t\n\t            \n\t            <h6 class=\"title title-upper\"><span class=\"left\">[<\/span>CAT\u00c9GORIE U8<span class=\"right\">]<\/span><\/h6> <span class=\"lines-bg\"><\/span>\n\t            <div class=\"title-img bottom-img\"><\/div>\n\t        <\/div><\/div>[vc_empty_space][vc_column_text]<\/p>\n<h4 class=\"staff-sub\" style=\"text-align: center;\"><strong>Responsable : <span class=\"JsGRdQ\">Brice &#8211; 06.29.31.22.33<\/span><\/strong><\/h4>\n<p class=\"staff-sub\" style=\"text-align: center;\"><span class=\"sub1\"><i>Enfants n\u00e9s en : <\/i>2018<br \/>\n<\/span><span class=\"sub2\"><i>Pratique : <\/i>foot \u00e0 5<br \/>\n<\/span><span class=\"sub3\"><i>Horaires : <\/i>Mercredi 13h45-15h15 (Stade Lilandry)<\/span><\/p>\n<p>[\/vc_column_text][\/vc_column][vc_column width=&#8221;1\/2&#8243;][vc_empty_space]\n        <div class=\"rs-heading style5   text-center\">\n        \t<div class=\"title-inner \">\n        \t\t       \t\t\n\t            \n\t            <h6 class=\"title title-upper\"><span class=\"left\">[<\/span>CAT\u00c9GORIE U9<span class=\"right\">]<\/span><\/h6> <span class=\"lines-bg\"><\/span>\n\t            <div class=\"title-img bottom-img\"><\/div>\n\t        <\/div><\/div>[vc_empty_space][vc_column_text]<\/p>\n<h4 class=\"staff-sub\" style=\"text-align: center;\"><strong>Responsable : Bastien &#8211; 06.59.23.59.77<\/strong><\/h4>\n<p style=\"text-align: center;\"><span class=\"sub1\"><i>Enfants n\u00e9s en : <\/i>2017<br \/>\n<\/span><span class=\"sub2\"><i>Pratique : <\/i>foot \u00e0 5<br \/>\n<\/span><span class=\"sub3\"><i>Horaires : <\/i>Mercredi 15h30-17h et vendredi 18h-19h (Stade de l&#8217;Hermi\u00e8re)<\/span><\/p>\n<p>[\/vc_column_text][\/vc_column][\/vc_row][vc_row][vc_column width=&#8221;1\/2&#8243;][vc_empty_space]\n        <div class=\"rs-heading style5   text-center\">\n        \t<div class=\"title-inner \">\n        \t\t       \t\t\n\t            \n\t            <h6 class=\"title title-upper\"><span class=\"left\">[<\/span>CAT\u00c9GORIE U10<span class=\"right\">]<\/span><\/h6> <span class=\"lines-bg\"><\/span>\n\t            <div class=\"title-img bottom-img\"><\/div>\n\t        <\/div><\/div>[vc_empty_space][vc_column_text]<\/p>\n<h4 class=\"staff-sub\" style=\"text-align: center;\"><strong>Responsable : <span class=\"JsGRdQ\">Nabyle &#8211; 07.49.97.35.29<\/span><\/strong><\/h4>\n<p class=\"staff-sub\" style=\"text-align: center;\"><span class=\"sub1\"><i>Enfants n\u00e9s en : <\/i>2016<br \/>\n<\/span><span class=\"sub2\"><i>Pratique : <\/i>foot \u00e0 8<br \/>\n<\/span><span class=\"sub3\"><i>Horaires : <\/i>Lundi 18h00-19h30 (Stade de l&#8217;Hermi\u00e8re) et mercredi 15h30-17h (Stade Lilandry)<\/span><\/p>\n<p>[\/vc_column_text][\/vc_column][vc_column width=&#8221;1\/2&#8243;][vc_empty_space]\n        <div class=\"rs-heading style5   text-center\">\n        \t<div class=\"title-inner \">\n        \t\t       \t\t\n\t            \n\t            <h6 class=\"title title-upper\"><span class=\"left\">[<\/span>CAT\u00c9GORIE U11<span class=\"right\">]<\/span><\/h6> <span class=\"lines-bg\"><\/span>\n\t            <div class=\"title-img bottom-img\"><\/div>\n\t        <\/div><\/div>[vc_empty_space][vc_column_text]<\/p>\n<h4 class=\"staff-sub\" style=\"text-align: center;\"><strong>Responsable : <span class=\"JsGRdQ\">Tom &#8211; 06.46.07.15.21<\/span><\/strong><\/h4>\n<p class=\"staff-sub\" style=\"text-align: center;\"><span class=\"sub1\"><i>Enfants n\u00e9s en : <\/i>2015<br \/>\n<\/span><span class=\"sub2\"><i>Pratique : <\/i>foot \u00e0 8<br \/>\n<\/span><span class=\"sub3\"><i>Horaires : <\/i>Lundi 18h00-19h30 (Stade de l&#8217;Hermi\u00e8re) et mercredi 17h15-18h45 (Stade Lilandry)<\/span><\/p>\n<p>[\/vc_column_text][\/vc_column][\/vc_row][vc_row][vc_column width=&#8221;1\/2&#8243;][vc_empty_space]\n        <div class=\"rs-heading style5   text-center\">\n        \t<div class=\"title-inner \">\n        \t\t       \t\t\n\t            \n\t            <h6 class=\"title title-upper\"><span class=\"left\">[<\/span>CAT\u00c9GORIE U12<span class=\"right\">]<\/span><\/h6> <span class=\"lines-bg\"><\/span>\n\t            <div class=\"title-img bottom-img\"><\/div>\n\t        <\/div><\/div>[vc_empty_space][vc_column_text]<\/p>\n<h4 class=\"staff-sub\" style=\"text-align: center;\"><strong>Responsable : <span class=\"JsGRdQ\">Mohamed &#8211; 06.34.24.11.84<\/span><\/strong><\/h4>\n<p class=\"staff-sub\" style=\"text-align: center;\"><span class=\"sub1\"><i>Enfants n\u00e9s en : <\/i>2014<br \/>\n<\/span><span class=\"sub2\"><i>Pratique : <\/i>foot \u00e0 8<br \/>\n<\/span><span class=\"sub3\"><i>Horaires : <\/i>Lundi 18h30-20h (Stade Lilandry) et mercredi 17h15-18h45 (Stade de l&#8217;Hermi\u00e8re)<\/span><\/p>\n<p>[\/vc_column_text][\/vc_column][vc_column width=&#8221;1\/2&#8243;][vc_empty_space]\n        <div class=\"rs-heading style5   text-center\">\n        \t<div class=\"title-inner \">\n        \t\t       \t\t\n\t            \n\t            <h6 class=\"title title-upper\"><span class=\"left\">[<\/span>CAT\u00c9GORIE U13<span class=\"right\">]<\/span><\/h6> <span class=\"lines-bg\"><\/span>\n\t            <div class=\"title-img bottom-img\"><\/div>\n\t        <\/div><\/div>[vc_empty_space][vc_column_text]<\/p>\n<h4 class=\"staff-sub\" style=\"text-align: center;\"><strong>Responsable : <span class=\"JsGRdQ\">Thomas &#8211; 06.23.31.39.30<\/span><\/strong><\/h4>\n<p style=\"text-align: center;\"><span class=\"sub1\"><i>Enfants n\u00e9s en : <\/i>2013<br \/>\n<\/span><span class=\"sub2\"><i>Pratique : <\/i>foot \u00e0 11<br \/>\n<\/span><span class=\"sub3\"><i>Horaires : <\/i>Lundi 18h30-20h (Stade Lilandry) et mercredi 17h30-19h00 (Stade de l&#8217;Hermi\u00e8re)<\/span><\/p>\n<p>[\/vc_column_text][\/vc_column][\/vc_row][vc_row][vc_column][vc_separator]\n        <div class=\"rs-heading style2 light   text-center\">\n        \t<div class=\"title-inner \">\n        \t\t       \t\t\n\t            \n\t            <h2 class=\"title title-upper\">CONTACT<\/h2> <span class=\"lines-bg\"><\/span>\n\t            <div class=\"title-img bottom-img\"><\/div>\n\t        <\/div><\/div>[vc_column_text]<\/p>\n<h4 class=\"staff-sub\" style=\"text-align: center;\">Renseignements, inscriptions et matches :<\/h4>\n<p style=\"text-align: center;\">Brice Bourillon : 06 29 31 22 33<\/p>\n<div class=\"entry-content\">\n<div class=\"vc_row-full-width vc_clearfix\"><\/div>\n<\/div>\n<div class=\"entry-footer\"><\/div>\n<p>[\/vc_column_text][\/vc_column][\/vc_row]<\/p>\n","protected":false},"excerpt":{"rendered":"<p>[vc_row][vc_column][\/vc_column][\/vc_row][vc_row][vc_column width=&#8221;1\/2&#8243;][vc_empty_space][vc_empty_space][vc_column_text] Responsable : Brice &#8211; 06.29.31.22.33 Enfants n\u00e9s en : 2021 Pratique : \u00e9veil Horaires : Samedi 10h00-11h00 (Stade de l&#8217;Hermi\u00e8re) [\/vc_column_text][\/vc_column][vc_column width=&#8221;1\/2&#8243;][vc_empty_space][vc_empty_space][vc_column_text] Responsable : Laurent &#8211; 06.22.99.34.68 Enfants n\u00e9s en : 2019 et 2020 Pratique : foot \u00e0 5 Horaires : Mercredi 13h45-15h15 (Stade Lilandry) [\/vc_column_text][\/vc_column][\/vc_row][vc_row][vc_column width=&#8221;1\/2&#8243;][vc_empty_space][vc_empty_space][vc_column_text] Responsable : Brice &#8211; 06.29.31.22.33 Enfants&#8230;<\/p>\n","protected":false},"author":1,"featured_media":0,"parent":0,"menu_order":0,"comment_status":"closed","ping_status":"closed","template":"","meta":{"footnotes":""},"class_list":["post-2090","page","type-page","status-publish","hentry"],"_links":{"self":[{"href":"https:\/\/www.valdeuropefc.com\/index.php?rest_route=\/wp\/v2\/pages\/2090","targetHints":{"allow":["GET"]}}],"collection":[{"href":"https:\/\/www.valdeuropefc.com\/index.php?rest_route=\/wp\/v2\/pages"}],"about":[{"href":"https:\/\/www.valdeuropefc.com\/index.php?rest_route=\/wp\/v2\/types\/page"}],"author":[{"embeddable":true,"href":"https:\/\/www.valdeuropefc.com\/index.php?rest_route=\/wp\/v2\/users\/1"}],"replies":[{"embeddable":true,"href":"https:\/\/www.valdeuropefc.com\/index.php?rest_route=%2Fwp%2Fv2%2Fcomments&post=2090"}],"version-history":[{"count":39,"href":"https:\/\/www.valdeuropefc.com\/index.php?rest_route=\/wp\/v2\/pages\/2090\/revisions"}],"predecessor-version":[{"id":3033,"href":"https:\/\/www.valdeuropefc.com\/index.php?rest_route=\/wp\/v2\/pages\/2090\/revisions\/3033"}],"wp:attachment":[{"href":"https:\/\/www.valdeuropefc.com\/index.php?rest_route=%2Fwp%2Fv2%2Fmedia&parent=2090"}],"curies":[{"name":"wp","href":"https:\/\/api.w.org\/{rel}","templated":true}]}}