{"id":2839,"date":"2023-09-26T14:06:33","date_gmt":"2023-09-26T12:06:33","guid":{"rendered":"https:\/\/www.valdeuropefc.com\/?page_id=2839"},"modified":"2025-10-24T10:59:15","modified_gmt":"2025-10-24T08:59:15","slug":"nos-tournois","status":"publish","type":"page","link":"https:\/\/www.valdeuropefc.com\/?page_id=2839","title":{"rendered":"Nos tournois"},"content":{"rendered":"<p>[vc_row][vc_column]\n        <div class=\"rs-heading style2   text-center\">\n        \t<div class=\"title-inner \">\n        \t\t       \t\t\n\t            \n\t            <h2 class=\"title title-upper\">NOS TOURNOIS 2025-2026<\/h2> <span class=\"lines-bg\"><\/span>\n\t            <div class=\"title-img bottom-img\"><\/div>\n\t        <\/div><\/div>[\/vc_column][\/vc_row][vc_row][vc_column width=&#8221;1\/2&#8243;]\n        <div class=\"rs-heading style5   text-center\">\n        \t<div class=\"title-inner \">\n        \t\t       \t\t\n\t            <span class=\"sub-text \">Inscriptions closes<\/span>\n\t            <h6 class=\"title title-upper\"><span class=\"left\">[<\/span>TOURNOIS U8 + U9<span class=\"right\">]<\/span><\/h6> <span class=\"lines-bg\"><\/span>\n\t            <div class=\"title-img bottom-img\"><\/div>\n\t        <\/div><\/div>[vc_empty_space][vc_single_image image=&#8221;3066&#8243; img_size=&#8221;medium&#8221; alignment=&#8221;center&#8221; style=&#8221;vc_box_shadow&#8221;][vc_column_text]<\/p>\n<h4 class=\"staff-sub\" style=\"text-align: center;\"><strong>Samedi 18 octobre 2025<\/strong><\/h4>\n<p style=\"text-align: center;\"><span class=\"sub1\"><i>Enfants n\u00e9s en : <\/i>2018 (U8) et 2017 (U9)<br \/>\n<\/span><span class=\"sub2\"><i>Pratique : <\/i>foot \u00e0 5<br \/>\n<\/span><span class=\"sub3\"><i>Lieu : <\/i>Stade de l&#8217;Hermi\u00e8re &#8211; Serris<\/span>[\/vc_column_text][vc_empty_space][\/vc_column][vc_column width=&#8221;1\/2&#8243;]\n        <div class=\"rs-heading style5   text-center\">\n        \t<div class=\"title-inner \">\n        \t\t       \t\t\n\t            <span class=\"sub-text \">Inscriptions ouvertes<\/span>\n\t            <h6 class=\"title title-upper\"><span class=\"left\">[<\/span>TOURNOI U13F<span class=\"right\">]<\/span><\/h6> <span class=\"lines-bg\"><\/span>\n\t            <div class=\"title-img bottom-img\"><\/div>\n\t        <\/div><\/div>[vc_empty_space][vc_single_image image=&#8221;3078&#8243; img_size=&#8221;medium&#8221; alignment=&#8221;center&#8221; style=&#8221;vc_box_shadow&#8221;][vc_column_text]<\/p>\n<h4 class=\"staff-sub\" style=\"text-align: center;\"><strong>Samedi 13 juin 2026<\/strong><\/h4>\n<p style=\"text-align: center;\"><span class=\"sub1\"><i>Enfants n\u00e9s en : <\/i>2013 (U13), 2014 (U12) et 2015 (U11)<br \/>\n<\/span><span class=\"sub2\"><i>Pratique : <\/i>foot \u00e0 8<br \/>\n<\/span><span class=\"sub3\"><i>Lieu : <\/i>Stade de l&#8217;Hermi\u00e8re &#8211; Serris<\/span>[\/vc_column_text][vc_btn title=&#8221;Inscription&#8221; shape=&#8221;square&#8221; color=&#8221;warning&#8221; align=&#8221;center&#8221; link=&#8221;url:https%3A%2F%2Fforms.gle%2F9ArYnreW65jNcVuV8&#8243;][\/vc_column][\/vc_row][vc_row][vc_column][vc_separator]\n        <div class=\"rs-heading style2 light   text-center\">\n        \t<div class=\"title-inner \">\n        \t\t       \t\t\n\t            \n\t            <h2 class=\"title title-upper\">CONTACT<\/h2> <span class=\"lines-bg\"><\/span>\n\t            <div class=\"title-img bottom-img\"><\/div>\n\t        <\/div><\/div>[vc_column_text]<\/p>\n<h4 class=\"staff-sub\" style=\"text-align: center;\">Renseignements et inscriptions :<\/h4>\n<p style=\"text-align: center;\">Pierre-Jean Favre : 06 60 94 97 64<\/p>\n<div class=\"entry-content\">\n<div class=\"vc_row-full-width vc_clearfix\"><\/div>\n<\/div>\n<div class=\"entry-footer\"><\/div>\n<p>[\/vc_column_text][\/vc_column][\/vc_row]<\/p>\n","protected":false},"excerpt":{"rendered":"<p>[vc_row][vc_column][\/vc_column][\/vc_row][vc_row][vc_column width=&#8221;1\/2&#8243;][vc_empty_space][vc_single_image image=&#8221;3066&#8243; img_size=&#8221;medium&#8221; alignment=&#8221;center&#8221; style=&#8221;vc_box_shadow&#8221;][vc_column_text] Samedi 18 octobre 2025 Enfants n\u00e9s en : 2018 (U8) et 2017 (U9) Pratique : foot \u00e0 5 Lieu : Stade de l&#8217;Hermi\u00e8re &#8211; Serris[\/vc_column_text][vc_empty_space][\/vc_column][vc_column width=&#8221;1\/2&#8243;][vc_empty_space][vc_single_image image=&#8221;3078&#8243; img_size=&#8221;medium&#8221; alignment=&#8221;center&#8221; style=&#8221;vc_box_shadow&#8221;][vc_column_text] Samedi 13 juin 2026 Enfants n\u00e9s en : 2013 (U13), 2014 (U12) et 2015 (U11) Pratique : foot \u00e0&#8230;<\/p>\n","protected":false},"author":1,"featured_media":0,"parent":0,"menu_order":0,"comment_status":"closed","ping_status":"closed","template":"","meta":{"footnotes":""},"class_list":["post-2839","page","type-page","status-publish","hentry"],"_links":{"self":[{"href":"https:\/\/www.valdeuropefc.com\/index.php?rest_route=\/wp\/v2\/pages\/2839","targetHints":{"allow":["GET"]}}],"collection":[{"href":"https:\/\/www.valdeuropefc.com\/index.php?rest_route=\/wp\/v2\/pages"}],"about":[{"href":"https:\/\/www.valdeuropefc.com\/index.php?rest_route=\/wp\/v2\/types\/page"}],"author":[{"embeddable":true,"href":"https:\/\/www.valdeuropefc.com\/index.php?rest_route=\/wp\/v2\/users\/1"}],"replies":[{"embeddable":true,"href":"https:\/\/www.valdeuropefc.com\/index.php?rest_route=%2Fwp%2Fv2%2Fcomments&post=2839"}],"version-history":[{"count":24,"href":"https:\/\/www.valdeuropefc.com\/index.php?rest_route=\/wp\/v2\/pages\/2839\/revisions"}],"predecessor-version":[{"id":3082,"href":"https:\/\/www.valdeuropefc.com\/index.php?rest_route=\/wp\/v2\/pages\/2839\/revisions\/3082"}],"wp:attachment":[{"href":"https:\/\/www.valdeuropefc.com\/index.php?rest_route=%2Fwp%2Fv2%2Fmedia&parent=2839"}],"curies":[{"name":"wp","href":"https:\/\/api.w.org\/{rel}","templated":true}]}}