{"id":2873,"date":"2024-04-30T15:35:24","date_gmt":"2024-04-30T13:35:24","guid":{"rendered":"https:\/\/www.valdeuropefc.com\/?page_id=2873"},"modified":"2024-04-30T15:59:22","modified_gmt":"2024-04-30T13:59:22","slug":"ecole-de-gardiens","status":"publish","type":"page","link":"https:\/\/www.valdeuropefc.com\/?page_id=2873","title":{"rendered":"Ecole de gardiens"},"content":{"rendered":"<p>[vc_row full_width=&#8221;stretch_row&#8221; equal_height=&#8221;yes&#8221; content_placement=&#8221;middle&#8221; css=&#8221;.vc_custom_1560161656174{padding-top: 100px !important;padding-bottom: 64px !important;background-position: center !important;background-repeat: no-repeat !important;background-size: cover !important;}&#8221; el_class=&#8221;fixture-views&#8221;][vc_column css=&#8221;.vc_custom_1557908472510{padding-top: 0px !important;padding-bottom: 0px !important;}&#8221;][vc_row_inner equal_height=&#8221;yes&#8221; content_placement=&#8221;middle&#8221; css=&#8221;.vc_custom_1560153296232{padding-top: 0px !important;padding-bottom: 0px !important;}&#8221;][vc_column_inner css=&#8221;.vc_custom_1557734622756{padding-left: 40px !important;}&#8221;]\n        <div class=\"rs-heading style2   text-center\">\n        \t<div class=\"title-inner \">\n        \t\t       \t\t\n\t            \n\t            <h2 class=\"title title-upper\" style=\"color: #111111\">une s\u00e9ance hebdomadaire pour tous les gardiens<\/h2> <span class=\"lines-bg\"><\/span>\n\t            <div class=\"title-img bottom-img\"><\/div>\n\t        <\/div><\/div>[vc_column_text]<img loading=\"lazy\" decoding=\"async\" class=\" wp-image-2875 alignright\" src=\"https:\/\/www.valdeuropefc.com\/wp-content\/uploads\/2024\/04\/DSC_7077-300x199.jpg\" alt=\"\" width=\"360\" height=\"239\" srcset=\"https:\/\/www.valdeuropefc.com\/wp-content\/uploads\/2024\/04\/DSC_7077-300x199.jpg 300w, https:\/\/www.valdeuropefc.com\/wp-content\/uploads\/2024\/04\/DSC_7077-1024x678.jpg 1024w, https:\/\/www.valdeuropefc.com\/wp-content\/uploads\/2024\/04\/DSC_7077-768x509.jpg 768w, https:\/\/www.valdeuropefc.com\/wp-content\/uploads\/2024\/04\/DSC_7077-1536x1017.jpg 1536w, https:\/\/www.valdeuropefc.com\/wp-content\/uploads\/2024\/04\/DSC_7077-2048x1356.jpg 2048w\" sizes=\"auto, (max-width: 360px) 100vw, 360px\" \/><\/p>\n<p>Au Val d&#8217;Europe FC, notre \u00e9cole de gardiens de but est bien plus qu&#8217;un simple\u00a0programme d&#8217;entra\u00eenement. C&#8217;est un environnement \u00e9ducatif et stimulant o\u00f9 chaque gardien est guid\u00e9 \u00e0 travers un parcours de d\u00e9veloppement personnalis\u00e9, adapt\u00e9 \u00e0 son niveau et \u00e0 ses besoins sp\u00e9cifiques.<br \/>\nD\u00e8s les premi\u00e8res \u00e9tapes de l&#8217;initiation, nos jeunes gardiens d\u00e9couvrent les fondamentaux du poste dans un cadre ludique et encourageant. Nous mettons l&#8217;accent sur l&#8217;apprentissage des techniques de base, telles que la prise de balle, la positionnement et la coordination des mouvements, tout en favorisant une approche positive et amusante de l&#8217;entra\u00eenement.<br \/>\nAu fur et \u00e0 mesure que les gardiens progressent dans notre programme, nous approfondissons leur compr\u00e9hension du r\u00f4le du gardien de but dans le jeu. Des s\u00e9ances d&#8217;entra\u00eenement plus avanc\u00e9es sont propos\u00e9es, ax\u00e9es sur des aspects sp\u00e9cifiques du poste tels que la lecture du jeu, la prise de d\u00e9cision rapide et la communication avec la d\u00e9fense.<\/p>\n<p>Nous croyons fermement en l&#8217;individualisation de l&#8217;entra\u00eenement pour maximiser le potentiel de chaque gardien. Cela signifie que nos s\u00e9ances sont adapt\u00e9es en fonction des besoins et des points forts de chaque joueur, permettant ainsi \u00e0 chacun de progresser \u00e0 son propre rythme.<br \/>\nEn plus de l&#8217;aspect technique, notre \u00e9cole de gardiens de but vise \u00e0 d\u00e9velopper les qualit\u00e9s mentales et \u00e9motionnelles n\u00e9cessaires pour r\u00e9ussir sur le terrain. Nous encourageons la r\u00e9silience, la confiance en soi et le leadership, car nous croyons que ces traits sont tout aussi importants que les comp\u00e9tences techniques pour exceller en tant que gardien de but.<br \/>\nDans l&#8217;ensemble, notre \u00e9cole de gardiens de but au Val d&#8217;Europe FC est un lieu o\u00f9 les jeunes joueurs peuvent non seulement d\u00e9velopper leurs comp\u00e9tences sur le terrain, mais aussi grandir en tant qu&#8217;individus. Nous sommes fiers de former des gardiens comp\u00e9tents, confiants et pr\u00eats \u00e0 relever les d\u00e9fis du football moderne, tout en cultivant des valeurs telles que le respect, l&#8217;esprit d&#8217;\u00e9quipe et l&#8217;engagement envers l&#8217;excellence.<\/p>\n<p>Si vous \u00eates un gardien de but passionn\u00e9 \u00e0 la recherche d&#8217;un environnement\u00a0d&#8217;entra\u00eenement dynamique et ax\u00e9 sur le d\u00e9veloppement, nous vous invitons \u00e0 nous rejoindre au Val d&#8217;Europe FC. Que vous soyez un d\u00e9butant enthousiaste ou un gardien exp\u00e9riment\u00e9 cherchant \u00e0 perfectionner ses comp\u00e9tences, notre \u00e9cole de gardiens de but offre un programme complet et personnalis\u00e9 pour r\u00e9pondre \u00e0 vos besoins.<\/p>\n<p>Pour plus d&#8217;informations ou pour nous rejoindre, <a href=\"https:\/\/www.valdeuropefc.com\/?page_id=1969\">contactez-nous<\/a>. Nous serions ravis de vous accueillir dans notre communaut\u00e9 de gardiens passionn\u00e9s et engag\u00e9s.[\/vc_column_text][vc_empty_space height=&#8221;20px&#8221;][\/vc_column_inner][\/vc_row_inner][vc_gallery type=&#8221;image_grid&#8221; images=&#8221;2879,2880,2881,2882&#8243; img_size=&#8221;medium&#8221; onclick=&#8221;&#8221;][\/vc_column][\/vc_row]<\/p>\n","protected":false},"excerpt":{"rendered":"<p>[vc_row full_width=&#8221;stretch_row&#8221; equal_height=&#8221;yes&#8221; content_placement=&#8221;middle&#8221; css=&#8221;.vc_custom_1560161656174{padding-top: 100px !important;padding-bottom: 64px !important;background-position: center !important;background-repeat: no-repeat !important;background-size: cover !important;}&#8221; el_class=&#8221;fixture-views&#8221;][vc_column css=&#8221;.vc_custom_1557908472510{padding-top: 0px !important;padding-bottom: 0px !important;}&#8221;][vc_row_inner equal_height=&#8221;yes&#8221; content_placement=&#8221;middle&#8221; css=&#8221;.vc_custom_1560153296232{padding-top: 0px !important;padding-bottom: 0px !important;}&#8221;][vc_column_inner css=&#8221;.vc_custom_1557734622756{padding-left: 40px !important;}&#8221;][vc_column_text] Au Val d&#8217;Europe FC, notre \u00e9cole de gardiens de but est bien plus qu&#8217;un simple\u00a0programme d&#8217;entra\u00eenement. C&#8217;est un environnement \u00e9ducatif et stimulant o\u00f9 chaque&#8230;<\/p>\n","protected":false},"author":1,"featured_media":0,"parent":0,"menu_order":0,"comment_status":"closed","ping_status":"closed","template":"","meta":{"footnotes":""},"class_list":["post-2873","page","type-page","status-publish","hentry"],"_links":{"self":[{"href":"https:\/\/www.valdeuropefc.com\/index.php?rest_route=\/wp\/v2\/pages\/2873","targetHints":{"allow":["GET"]}}],"collection":[{"href":"https:\/\/www.valdeuropefc.com\/index.php?rest_route=\/wp\/v2\/pages"}],"about":[{"href":"https:\/\/www.valdeuropefc.com\/index.php?rest_route=\/wp\/v2\/types\/page"}],"author":[{"embeddable":true,"href":"https:\/\/www.valdeuropefc.com\/index.php?rest_route=\/wp\/v2\/users\/1"}],"replies":[{"embeddable":true,"href":"https:\/\/www.valdeuropefc.com\/index.php?rest_route=%2Fwp%2Fv2%2Fcomments&post=2873"}],"version-history":[{"count":4,"href":"https:\/\/www.valdeuropefc.com\/index.php?rest_route=\/wp\/v2\/pages\/2873\/revisions"}],"predecessor-version":[{"id":2886,"href":"https:\/\/www.valdeuropefc.com\/index.php?rest_route=\/wp\/v2\/pages\/2873\/revisions\/2886"}],"wp:attachment":[{"href":"https:\/\/www.valdeuropefc.com\/index.php?rest_route=%2Fwp%2Fv2%2Fmedia&parent=2873"}],"curies":[{"name":"wp","href":"https:\/\/api.w.org\/{rel}","templated":true}]}}